{"id":2639,"date":"2023-10-18T16:13:40","date_gmt":"2023-10-18T14:13:40","guid":{"rendered":"https:\/\/www.hightek.it\/asistencia\/"},"modified":"2024-02-16T11:28:44","modified_gmt":"2024-02-16T10:28:44","slug":"asistencia","status":"publish","type":"page","link":"https:\/\/hightek.it\/es\/asistencia\/","title":{"rendered":"Asistencia"},"content":{"rendered":"\t\t<div data-elementor-type=\"wp-page\" data-elementor-id=\"2639\" class=\"elementor elementor-2639 elementor-361\" data-elementor-post-type=\"page\">\n\t\t\t\t<div class=\"elementor-element elementor-element-096b124 e-flex e-con-boxed e-con e-parent\" data-id=\"096b124\" data-element_type=\"container\" data-e-type=\"container\" data-settings=\"{&quot;background_background&quot;:&quot;classic&quot;}\">\n\t\t\t\t\t<div class=\"e-con-inner\">\n\t\t\t\t<div class=\"elementor-element elementor-element-ef4f999 elementor-widget elementor-widget-heading\" data-id=\"ef4f999\" data-element_type=\"widget\" data-e-type=\"widget\" data-widget_type=\"heading.default\">\n\t\t\t\t<div class=\"elementor-widget-container\">\n\t\t\t\t\t<h1 class=\"elementor-heading-title elementor-size-default\">Bienvenido al Centro de Servicios Hightek<\/h1>\t\t\t\t<\/div>\n\t\t\t\t<\/div>\n\t\t\t\t<div class=\"elementor-element elementor-element-d281bdd elementor-widget elementor-widget-text-editor\" data-id=\"d281bdd\" data-element_type=\"widget\" data-e-type=\"widget\" data-widget_type=\"text-editor.default\">\n\t\t\t\t<div class=\"elementor-widget-container\">\n\t\t\t\t\t\t\t\t\t<p>Hightek se compromete a proporcionarle la mejor experiencia posible. Si tiene alguna pregunta, duda o necesita ayuda mientras utiliza nuestra plataforma o nuestros productos y servicios, ha llegado al lugar adecuado.<\/p>\n<p>Nuestro Centro de Ayuda est\u00e1 dise\u00f1ado para proporcionarle la informaci\u00f3n que necesita para aprovechar al m\u00e1ximo su experiencia con nosotros. Antes de ponerse en contacto con nosotros, le recomendamos que consulte nuestra secci\u00f3n de preguntas frecuentes. Hemos recopilado una lista de preguntas y respuestas comunes que pueden ser de su inter\u00e9s.<\/p>\n\t\t\t\t\t\t\t\t<\/div>\n\t\t\t\t<\/div>\n\t\t\t\t<div class=\"elementor-element elementor-element-35688b54 elementor-align-center elementor-widget elementor-widget-button\" data-id=\"35688b54\" data-element_type=\"widget\" data-e-type=\"widget\" data-widget_type=\"button.default\">\n\t\t\t\t<div class=\"elementor-widget-container\">\n\t\t\t\t\t\t\t\t\t<div class=\"elementor-button-wrapper\">\n\t\t\t\t\t<a class=\"elementor-button elementor-button-link elementor-size-md elementor-animation-grow\" href=\"https:\/\/hightek.it\/es\/faq\/\" target=\"_blank\">\n\t\t\t\t\t\t<span class=\"elementor-button-content-wrapper\">\n\t\t\t\t\t\t\t\t\t<span class=\"elementor-button-text\">VER FAQ<\/span>\n\t\t\t\t\t<\/span>\n\t\t\t\t\t<\/a>\n\t\t\t\t<\/div>\n\t\t\t\t\t\t\t\t<\/div>\n\t\t\t\t<\/div>\n\t\t\t\t\t<\/div>\n\t\t\t\t<\/div>\n\t\t<div class=\"elementor-element elementor-element-f7893b7 e-flex e-con-boxed e-con e-parent\" data-id=\"f7893b7\" data-element_type=\"container\" data-e-type=\"container\" data-settings=\"{&quot;background_background&quot;:&quot;classic&quot;}\">\n\t\t\t\t\t<div class=\"e-con-inner\">\n\t\t<div class=\"elementor-element elementor-element-0678973 e-con-full e-flex e-con e-child\" data-id=\"0678973\" data-element_type=\"container\" data-e-type=\"container\">\n\t\t\t\t<div class=\"elementor-element elementor-element-f5cb62e elementor-widget elementor-widget-heading\" data-id=\"f5cb62e\" data-element_type=\"widget\" data-e-type=\"widget\" data-widget_type=\"heading.default\">\n\t\t\t\t<div class=\"elementor-widget-container\">\n\t\t\t\t\t<h2 class=\"elementor-heading-title elementor-size-default\">CONT\u00c1CTENOS<br>env\u00ede un correo electr\u00f3nico a info@hightek.it<\/h2>\t\t\t\t<\/div>\n\t\t\t\t<\/div>\n\t\t\t\t<div class=\"elementor-element elementor-element-a61aee9 elementor-widget elementor-widget-text-editor\" data-id=\"a61aee9\" data-element_type=\"widget\" data-e-type=\"widget\" data-widget_type=\"text-editor.default\">\n\t\t\t\t<div class=\"elementor-widget-container\">\n\t\t\t\t\t\t\t\t\t<p>Para problemas m\u00e1s complejos o solicitudes detalladas, puede enviarnos un correo electr\u00f3nico a info@hightek.it. Por favor, incluya detalles relevantes y capturas de pantalla, si procede, para ayudarnos a asistirle m\u00e1s eficazmente.<\/p>\n\t\t\t\t\t\t\t\t<\/div>\n\t\t\t\t<\/div>\n\t\t\t\t<div class=\"elementor-element elementor-element-f839300 elementor-widget elementor-widget-text-editor\" data-id=\"f839300\" data-element_type=\"widget\" data-e-type=\"widget\" data-widget_type=\"text-editor.default\">\n\t\t\t\t<div class=\"elementor-widget-container\">\n\t\t\t\t\t\t\t\t\t<p>Por \u00faltimo, inf\u00f3rmese sobre nuestro compromiso con la privacidad y la seguridad de los datos en nuestra Pol\u00edtica de privacidad.<\/p>\n<p>Estamos aqu\u00ed para hacer que su experiencia con Hightek sea lo m\u00e1s fluida y agradable posible. Si necesita ayuda, no dude en ponerse en contacto con nuestro equipo de asistencia.<\/p>\n\t\t\t\t\t\t\t\t<\/div>\n\t\t\t\t<\/div>\n\t\t\t\t<\/div>\n\t\t\t\t\t<\/div>\n\t\t\t\t<\/div>\n\t\t\t\t<\/div>\n\t\t","protected":false},"excerpt":{"rendered":"<p>Bienvenido al Centro de Servicios Hightek Hightek se compromete a proporcionarle la mejor experiencia posible. Si tiene alguna pregunta, duda o necesita ayuda mientras utiliza nuestra plataforma o nuestros productos y servicios, ha llegado al lugar adecuado. Nuestro Centro de Ayuda est\u00e1 dise\u00f1ado para proporcionarle la informaci\u00f3n que necesita para aprovechar al m\u00e1ximo su experiencia [&hellip;]<\/p>\n","protected":false},"author":3,"featured_media":0,"parent":0,"menu_order":0,"comment_status":"closed","ping_status":"closed","template":"elementor_header_footer","meta":{"content-type":"","_exactmetrics_skip_tracking":false,"_exactmetrics_sitenote_active":false,"_exactmetrics_sitenote_note":"","_exactmetrics_sitenote_category":0,"footnotes":""},"class_list":["post-2639","page","type-page","status-publish","hentry"],"yoast_head":"<!-- This site is optimized with the Yoast SEO plugin v27.4 - https:\/\/yoast.com\/product\/yoast-seo-wordpress\/ -->\n<title>Asistencia - Hightek<\/title>\n<meta name=\"robots\" content=\"index, follow, max-snippet:-1, max-image-preview:large, max-video-preview:-1\" \/>\n<link rel=\"canonical\" href=\"https:\/\/hightek.it\/assistenza\/\" \/>\n<meta property=\"og:locale\" content=\"es_ES\" \/>\n<meta property=\"og:type\" content=\"article\" \/>\n<meta property=\"og:title\" content=\"Asistencia - Hightek\" \/>\n<meta property=\"og:description\" content=\"Bienvenido al Centro de Servicios Hightek Hightek se compromete a proporcionarle la mejor experiencia posible. Si tiene alguna pregunta, duda o necesita ayuda mientras utiliza nuestra plataforma o nuestros productos y servicios, ha llegado al lugar adecuado. Nuestro Centro de Ayuda est\u00e1 dise\u00f1ado para proporcionarle la informaci\u00f3n que necesita para aprovechar al m\u00e1ximo su experiencia [&hellip;]\" \/>\n<meta property=\"og:url\" content=\"https:\/\/hightek.it\/assistenza\/\" \/>\n<meta property=\"og:site_name\" content=\"Hightek\" \/>\n<meta property=\"article:modified_time\" content=\"2024-02-16T10:28:44+00:00\" \/>\n<meta name=\"twitter:card\" content=\"summary_large_image\" \/>\n<meta name=\"twitter:label1\" content=\"Tiempo de lectura\" \/>\n\t<meta name=\"twitter:data1\" content=\"1 minuto\" \/>\n<script type=\"application\/ld+json\" class=\"yoast-schema-graph\">{\"@context\":\"https:\\\/\\\/schema.org\",\"@graph\":[{\"@type\":\"WebPage\",\"@id\":\"https:\\\/\\\/hightek.it\\\/assistenza\\\/\",\"url\":\"https:\\\/\\\/hightek.it\\\/assistenza\\\/\",\"name\":\"Asistencia - Hightek\",\"isPartOf\":{\"@id\":\"https:\\\/\\\/hightek.it\\\/#website\"},\"datePublished\":\"2023-10-18T14:13:40+00:00\",\"dateModified\":\"2024-02-16T10:28:44+00:00\",\"breadcrumb\":{\"@id\":\"https:\\\/\\\/hightek.it\\\/assistenza\\\/#breadcrumb\"},\"inLanguage\":\"es\",\"potentialAction\":[{\"@type\":\"ReadAction\",\"target\":[\"https:\\\/\\\/hightek.it\\\/assistenza\\\/\"]}]},{\"@type\":\"BreadcrumbList\",\"@id\":\"https:\\\/\\\/hightek.it\\\/assistenza\\\/#breadcrumb\",\"itemListElement\":[{\"@type\":\"ListItem\",\"position\":1,\"name\":\"Home\",\"item\":\"https:\\\/\\\/hightek.it\\\/\"},{\"@type\":\"ListItem\",\"position\":2,\"name\":\"Asistencia\"}]},{\"@type\":\"WebSite\",\"@id\":\"https:\\\/\\\/hightek.it\\\/#website\",\"url\":\"https:\\\/\\\/hightek.it\\\/\",\"name\":\"Hightek\",\"description\":\"Delivering Mission Critical Services\",\"potentialAction\":[{\"@type\":\"SearchAction\",\"target\":{\"@type\":\"EntryPoint\",\"urlTemplate\":\"https:\\\/\\\/hightek.it\\\/?s={search_term_string}\"},\"query-input\":{\"@type\":\"PropertyValueSpecification\",\"valueRequired\":true,\"valueName\":\"search_term_string\"}}],\"inLanguage\":\"es\"}]}<\/script>\n<!-- \/ Yoast SEO plugin. -->","yoast_head_json":{"title":"Asistencia - Hightek","robots":{"index":"index","follow":"follow","max-snippet":"max-snippet:-1","max-image-preview":"max-image-preview:large","max-video-preview":"max-video-preview:-1"},"canonical":"https:\/\/hightek.it\/assistenza\/","og_locale":"es_ES","og_type":"article","og_title":"Asistencia - Hightek","og_description":"Bienvenido al Centro de Servicios Hightek Hightek se compromete a proporcionarle la mejor experiencia posible. Si tiene alguna pregunta, duda o necesita ayuda mientras utiliza nuestra plataforma o nuestros productos y servicios, ha llegado al lugar adecuado. Nuestro Centro de Ayuda est\u00e1 dise\u00f1ado para proporcionarle la informaci\u00f3n que necesita para aprovechar al m\u00e1ximo su experiencia [&hellip;]","og_url":"https:\/\/hightek.it\/assistenza\/","og_site_name":"Hightek","article_modified_time":"2024-02-16T10:28:44+00:00","twitter_card":"summary_large_image","twitter_misc":{"Tiempo de lectura":"1 minuto"},"schema":{"@context":"https:\/\/schema.org","@graph":[{"@type":"WebPage","@id":"https:\/\/hightek.it\/assistenza\/","url":"https:\/\/hightek.it\/assistenza\/","name":"Asistencia - Hightek","isPartOf":{"@id":"https:\/\/hightek.it\/#website"},"datePublished":"2023-10-18T14:13:40+00:00","dateModified":"2024-02-16T10:28:44+00:00","breadcrumb":{"@id":"https:\/\/hightek.it\/assistenza\/#breadcrumb"},"inLanguage":"es","potentialAction":[{"@type":"ReadAction","target":["https:\/\/hightek.it\/assistenza\/"]}]},{"@type":"BreadcrumbList","@id":"https:\/\/hightek.it\/assistenza\/#breadcrumb","itemListElement":[{"@type":"ListItem","position":1,"name":"Home","item":"https:\/\/hightek.it\/"},{"@type":"ListItem","position":2,"name":"Asistencia"}]},{"@type":"WebSite","@id":"https:\/\/hightek.it\/#website","url":"https:\/\/hightek.it\/","name":"Hightek","description":"Delivering Mission Critical Services","potentialAction":[{"@type":"SearchAction","target":{"@type":"EntryPoint","urlTemplate":"https:\/\/hightek.it\/?s={search_term_string}"},"query-input":{"@type":"PropertyValueSpecification","valueRequired":true,"valueName":"search_term_string"}}],"inLanguage":"es"}]}},"_links":{"self":[{"href":"https:\/\/hightek.it\/es\/wp-json\/wp\/v2\/pages\/2639","targetHints":{"allow":["GET"]}}],"collection":[{"href":"https:\/\/hightek.it\/es\/wp-json\/wp\/v2\/pages"}],"about":[{"href":"https:\/\/hightek.it\/es\/wp-json\/wp\/v2\/types\/page"}],"author":[{"embeddable":true,"href":"https:\/\/hightek.it\/es\/wp-json\/wp\/v2\/users\/3"}],"replies":[{"embeddable":true,"href":"https:\/\/hightek.it\/es\/wp-json\/wp\/v2\/comments?post=2639"}],"version-history":[{"count":1,"href":"https:\/\/hightek.it\/es\/wp-json\/wp\/v2\/pages\/2639\/revisions"}],"predecessor-version":[{"id":2640,"href":"https:\/\/hightek.it\/es\/wp-json\/wp\/v2\/pages\/2639\/revisions\/2640"}],"wp:attachment":[{"href":"https:\/\/hightek.it\/es\/wp-json\/wp\/v2\/media?parent=2639"}],"curies":[{"name":"wp","href":"https:\/\/api.w.org\/{rel}","templated":true}]}}